{"id":688,"date":"2026-02-24T03:55:15","date_gmt":"2026-02-24T03:55:15","guid":{"rendered":"https:\/\/wildestexpectation.com\/nsqk\/?page_id=688"},"modified":"2026-02-24T06:00:34","modified_gmt":"2026-02-24T06:00:34","slug":"oakley","status":"publish","type":"page","link":"https:\/\/wildestexpectation.com\/nsqk\/oakley\/","title":{"rendered":"Oakley"},"content":{"rendered":"\t\t<div data-elementor-type=\"wp-page\" data-elementor-id=\"688\" class=\"elementor elementor-688\" data-elementor-post-type=\"page\">\n\t\t\t\t<div class=\"elementor-element elementor-element-3d72ad9 e-con-full principal e-flex e-con e-parent\" data-id=\"3d72ad9\" data-element_type=\"container\" data-e-type=\"container\" data-settings=\"{&quot;background_background&quot;:&quot;classic&quot;}\">\n\t\t<div class=\"elementor-element elementor-element-3b6dbab e-con-full slide e-flex e-con e-child\" data-id=\"3b6dbab\" data-element_type=\"container\" data-e-type=\"container\" data-settings=\"{&quot;background_background&quot;:&quot;classic&quot;}\">\n\t\t\t\t<div class=\"elementor-element elementor-element-68e78fb parallax-fast elementor-widget elementor-widget-image\" data-id=\"68e78fb\" data-element_type=\"widget\" data-e-type=\"widget\" data-widget_type=\"image.default\">\n\t\t\t\t\t\t\t\t\t\t\t\t\t\t\t<img fetchpriority=\"high\" decoding=\"async\" width=\"819\" height=\"680\" src=\"https:\/\/wildestexpectation.com\/nsqk\/wp-content\/uploads\/2026\/02\/Slide-1_1.avif\" class=\"attachment-large size-large wp-image-719\" alt=\"\" srcset=\"https:\/\/wildestexpectation.com\/nsqk\/wp-content\/uploads\/2026\/02\/Slide-1_1.avif 819w, https:\/\/wildestexpectation.com\/nsqk\/wp-content\/uploads\/2026\/02\/Slide-1_1-300x249.avif 300w, https:\/\/wildestexpectation.com\/nsqk\/wp-content\/uploads\/2026\/02\/Slide-1_1-768x638.avif 768w\" sizes=\"(max-width: 819px) 100vw, 819px\" \/>\t\t\t\t\t\t\t\t\t\t\t\t\t\t\t<\/div>\n\t\t\t\t<div class=\"elementor-element elementor-element-9eb6a46 elementor-widget elementor-widget-image\" data-id=\"9eb6a46\" data-element_type=\"widget\" data-e-type=\"widget\" data-widget_type=\"image.default\">\n\t\t\t\t\t\t\t\t\t\t\t\t\t\t\t<img decoding=\"async\" width=\"959\" height=\"1024\" src=\"https:\/\/wildestexpectation.com\/nsqk\/wp-content\/uploads\/2026\/02\/Slide-1_2-959x1024.avif\" class=\"attachment-large size-large wp-image-720\" alt=\"\" srcset=\"https:\/\/wildestexpectation.com\/nsqk\/wp-content\/uploads\/2026\/02\/Slide-1_2-959x1024.avif 959w, https:\/\/wildestexpectation.com\/nsqk\/wp-content\/uploads\/2026\/02\/Slide-1_2-281x300.avif 281w, https:\/\/wildestexpectation.com\/nsqk\/wp-content\/uploads\/2026\/02\/Slide-1_2-768x820.avif 768w, https:\/\/wildestexpectation.com\/nsqk\/wp-content\/uploads\/2026\/02\/Slide-1_2.avif 1125w\" sizes=\"(max-width: 959px) 100vw, 959px\" \/>\t\t\t\t\t\t\t\t\t\t\t\t\t\t\t<\/div>\n\t\t\t\t<\/div>\n\t\t<div class=\"elementor-element elementor-element-27bc39a e-con-full slide e-flex e-con e-child\" data-id=\"27bc39a\" data-element_type=\"container\" data-e-type=\"container\" data-settings=\"{&quot;background_background&quot;:&quot;classic&quot;}\">\n\t\t\t\t<div class=\"elementor-element elementor-element-b8372fc parallax-medium elementor-widget elementor-widget-image\" data-id=\"b8372fc\" data-element_type=\"widget\" data-e-type=\"widget\" data-widget_type=\"image.default\">\n\t\t\t\t\t\t\t\t\t\t\t\t\t\t\t<img decoding=\"async\" width=\"568\" height=\"684\" src=\"https:\/\/wildestexpectation.com\/nsqk\/wp-content\/uploads\/2026\/02\/Slide-2_1.avif\" class=\"attachment-large size-large wp-image-721\" alt=\"\" srcset=\"https:\/\/wildestexpectation.com\/nsqk\/wp-content\/uploads\/2026\/02\/Slide-2_1.avif 568w, https:\/\/wildestexpectation.com\/nsqk\/wp-content\/uploads\/2026\/02\/Slide-2_1-249x300.avif 249w\" sizes=\"(max-width: 568px) 100vw, 568px\" \/>\t\t\t\t\t\t\t\t\t\t\t\t\t\t\t<\/div>\n\t\t\t\t<div class=\"elementor-element elementor-element-5931ce6 elementor-widget elementor-widget-image\" data-id=\"5931ce6\" data-element_type=\"widget\" data-e-type=\"widget\" data-widget_type=\"image.default\">\n\t\t\t\t\t\t\t\t\t\t\t\t\t\t\t<img loading=\"lazy\" decoding=\"async\" width=\"615\" height=\"607\" src=\"https:\/\/wildestexpectation.com\/nsqk\/wp-content\/uploads\/2026\/02\/Slide-2_2.avif\" class=\"attachment-large size-large wp-image-722\" alt=\"\" srcset=\"https:\/\/wildestexpectation.com\/nsqk\/wp-content\/uploads\/2026\/02\/Slide-2_2.avif 615w, https:\/\/wildestexpectation.com\/nsqk\/wp-content\/uploads\/2026\/02\/Slide-2_2-300x296.avif 300w\" sizes=\"(max-width: 615px) 100vw, 615px\" \/>\t\t\t\t\t\t\t\t\t\t\t\t\t\t\t<\/div>\n\t\t\t\t<\/div>\n\t\t<div class=\"elementor-element elementor-element-9798c13 e-con-full slide e-flex e-con e-child\" data-id=\"9798c13\" data-element_type=\"container\" data-e-type=\"container\" data-settings=\"{&quot;background_background&quot;:&quot;classic&quot;}\">\n\t\t\t\t<div class=\"elementor-element elementor-element-6fe45e0 parallax-slow elementor-widget elementor-widget-image\" data-id=\"6fe45e0\" data-element_type=\"widget\" data-e-type=\"widget\" data-widget_type=\"image.default\">\n\t\t\t\t\t\t\t\t\t\t\t\t\t\t\t<img loading=\"lazy\" decoding=\"async\" width=\"522\" height=\"688\" src=\"https:\/\/wildestexpectation.com\/nsqk\/wp-content\/uploads\/2026\/02\/Slide-3_1.avif\" class=\"attachment-large size-large wp-image-723\" alt=\"\" srcset=\"https:\/\/wildestexpectation.com\/nsqk\/wp-content\/uploads\/2026\/02\/Slide-3_1.avif 522w, https:\/\/wildestexpectation.com\/nsqk\/wp-content\/uploads\/2026\/02\/Slide-3_1-228x300.avif 228w\" sizes=\"(max-width: 522px) 100vw, 522px\" \/>\t\t\t\t\t\t\t\t\t\t\t\t\t\t\t<\/div>\n\t\t\t\t<div class=\"elementor-element elementor-element-9499848 elementor-widget elementor-widget-image\" data-id=\"9499848\" data-element_type=\"widget\" data-e-type=\"widget\" data-widget_type=\"image.default\">\n\t\t\t\t\t\t\t\t\t\t\t\t\t\t\t<img loading=\"lazy\" decoding=\"async\" width=\"621\" height=\"685\" src=\"https:\/\/wildestexpectation.com\/nsqk\/wp-content\/uploads\/2026\/02\/Slide-3_2.avif\" class=\"attachment-large size-large wp-image-724\" alt=\"\" srcset=\"https:\/\/wildestexpectation.com\/nsqk\/wp-content\/uploads\/2026\/02\/Slide-3_2.avif 621w, https:\/\/wildestexpectation.com\/nsqk\/wp-content\/uploads\/2026\/02\/Slide-3_2-272x300.avif 272w\" sizes=\"(max-width: 621px) 100vw, 621px\" \/>\t\t\t\t\t\t\t\t\t\t\t\t\t\t\t<\/div>\n\t\t\t\t<\/div>\n\t\t\t\t<\/div>\n\t\t<div class=\"elementor-element elementor-element-b38ed40 e-flex e-con-boxed e-con e-parent\" data-id=\"b38ed40\" data-element_type=\"container\" data-e-type=\"container\">\n\t\t\t\t\t<div class=\"e-con-inner\">\n\t\t\t\t<div class=\"elementor-element elementor-element-4fcd312 elementor-widget elementor-widget-html\" data-id=\"4fcd312\" data-element_type=\"widget\" data-e-type=\"widget\" data-widget_type=\"html.default\">\n\t\t\t\t\t<style>\r\n.principal {\r\n    transition: 0s;\r\n    overscroll-behavior: none;\r\n    will-change: transform;\r\n    -webkit-overflow-scrolling: touch;\r\n}\r\n.slide {\r\n    flex: 0 0 100%;\r\n    will-change: transform;\r\n    overflow: visible !important;\r\n}\r\nbody.elementor-page {\r\n    overscroll-behavior-x: none;\r\n}\r\n.parallax-slow,\r\n.parallax-medium,\r\n.parallax-fast {\r\n    will-change: transform !important;\r\n}\r\n.slide *,\r\n.elementor-container,\r\n.elementor-column,\r\n.elementor-widget-wrap {\r\n    overflow: visible !important;\r\n}\r\n<\/style>\r\n<script src=\"https:\/\/cdnjs.cloudflare.com\/ajax\/libs\/gsap\/3.12.5\/gsap.min.js\"><\/script>\r\n<script src=\"https:\/\/cdnjs.cloudflare.com\/ajax\/libs\/gsap\/3.12.5\/ScrollTrigger.min.js\"><\/script>\r\n<script>\r\n  gsap.registerPlugin(ScrollTrigger);\r\n  \r\n  function initHorizontalScroll() {\r\n    const slides = gsap.utils.toArray(\".slide\");\r\n    \r\n    console.log(\"\ud83c\udfac Slides encontrados:\", slides.length);\r\n    \r\n    if (slides.length === 0) return;\r\n    \r\n    ScrollTrigger.getAll().forEach(trigger => trigger.kill());\r\n    \r\n    const masterTimeline = gsap.timeline({\r\n      scrollTrigger: {\r\n        trigger: \".principal\",\r\n        pin: true,\r\n        markers: false,\r\n        scrub: true,\r\n        end: () => `+=${slides.length * 1500}`,\r\n        anticipatePin: 1,\r\n        invalidateOnRefresh: true,\r\n        normalizeScroll: true,\r\n        ignoreMobileResize: true,\r\n      }\r\n    });\r\n    \r\n    \/\/ Scroll horizontal de los slides\r\n    masterTimeline.to(slides, {\r\n      xPercent: -100 * (slides.length - 1),\r\n      ease: \"none\",\r\n    }, 0);\r\n    \r\n    console.log(\"\u2705 Scroll horizontal configurado\");\r\n    \r\n    const allSlowElements = document.querySelectorAll('.parallax-slow');\r\n    const allMediumElements = document.querySelectorAll('.parallax-medium');\r\n    const allFastElements = document.querySelectorAll('.parallax-fast');\r\n    \r\n    console.log(\"\ud83c\udfa8 Parallax:\", {\r\n      slow: allSlowElements.length,\r\n      medium: allMediumElements.length,\r\n      fast: allFastElements.length\r\n    });\r\n    \r\n    \/\/ VALORES M\u00c1S PEQUE\u00d1OS para efecto m\u00e1s sutil\r\n    \r\n    \/\/ PARALLAX LENTO - movimiento muy sutil\r\n    allSlowElements.forEach((element, index) => {\r\n      const target = element.querySelector('img') || element;\r\n      \r\n      masterTimeline.to(target, {\r\n        xPercent: -20, \/\/ Reducido de -100 a -20\r\n        ease: \"none\",\r\n      }, 0);\r\n      \r\n      console.log(`\ud83d\udc0c LENTO #${index}: xPercent=-20`);\r\n    });\r\n    \r\n    \/\/ PARALLAX MEDIO - movimiento moderado\r\n    allMediumElements.forEach((element, index) => {\r\n      const target = element.querySelector('img') || element;\r\n      \r\n      masterTimeline.to(target, {\r\n        xPercent: -40, \/\/ Reducido de -200 a -40\r\n        ease: \"none\",\r\n      }, 0);\r\n      \r\n      console.log(`\ud83c\udfc3 MEDIO #${index}: xPercent=-40`);\r\n    });\r\n    \r\n    \/\/ PARALLAX R\u00c1PIDO - movimiento notable pero no exagerado\r\n    allFastElements.forEach((element, index) => {\r\n      const target = element.querySelector('img') || element;\r\n      \r\n      masterTimeline.to(target, {\r\n        xPercent: -70, \/\/ Reducido de -400 a -70\r\n        ease: \"none\",\r\n      }, 0);\r\n      \r\n      console.log(`\ud83d\ude80 R\u00c1PIDO #${index}: xPercent=-70`);\r\n    });\r\n    \r\n    console.log(\"\u2705 Parallax aplicado con valores sutiles\");\r\n  }\r\n  \r\n  function initWhenReady() {\r\n    if (document.readyState === 'loading') {\r\n      document.addEventListener('DOMContentLoaded', () => {\r\n        setTimeout(() => {\r\n          console.log(\"\ud83d\ude80 Inicializando...\");\r\n          initHorizontalScroll();\r\n        }, 500);\r\n      });\r\n    } else {\r\n      setTimeout(() => {\r\n        console.log(\"\ud83d\ude80 Inicializando...\");\r\n        initHorizontalScroll();\r\n      }, 500);\r\n    }\r\n  }\r\n  \r\n  initWhenReady();\r\n  \r\n  let resizeTimer;\r\n  window.addEventListener('resize', () => {\r\n    clearTimeout(resizeTimer);\r\n    resizeTimer = setTimeout(() => {\r\n      ScrollTrigger.refresh();\r\n    }, 250);\r\n  });\r\n  \r\n  window.addEventListener('orientationchange', () => {\r\n    setTimeout(() => {\r\n      ScrollTrigger.refresh();\r\n    }, 300);\r\n  });\r\n<\/script>\t\t\t\t<\/div>\n\t\t\t\t\t<\/div>\n\t\t\t\t<\/div>\n\t\t\t\t<\/div>\n\t\t","protected":false},"excerpt":{"rendered":"","protected":false},"author":1,"featured_media":0,"parent":0,"menu_order":0,"comment_status":"closed","ping_status":"closed","template":"elementor_canvas","meta":{"footnotes":""},"class_list":["post-688","page","type-page","status-publish","hentry"],"_links":{"self":[{"href":"https:\/\/wildestexpectation.com\/nsqk\/wp-json\/wp\/v2\/pages\/688","targetHints":{"allow":["GET"]}}],"collection":[{"href":"https:\/\/wildestexpectation.com\/nsqk\/wp-json\/wp\/v2\/pages"}],"about":[{"href":"https:\/\/wildestexpectation.com\/nsqk\/wp-json\/wp\/v2\/types\/page"}],"author":[{"embeddable":true,"href":"https:\/\/wildestexpectation.com\/nsqk\/wp-json\/wp\/v2\/users\/1"}],"replies":[{"embeddable":true,"href":"https:\/\/wildestexpectation.com\/nsqk\/wp-json\/wp\/v2\/comments?post=688"}],"version-history":[{"count":115,"href":"https:\/\/wildestexpectation.com\/nsqk\/wp-json\/wp\/v2\/pages\/688\/revisions"}],"predecessor-version":[{"id":829,"href":"https:\/\/wildestexpectation.com\/nsqk\/wp-json\/wp\/v2\/pages\/688\/revisions\/829"}],"wp:attachment":[{"href":"https:\/\/wildestexpectation.com\/nsqk\/wp-json\/wp\/v2\/media?parent=688"}],"curies":[{"name":"wp","href":"https:\/\/api.w.org\/{rel}","templated":true}]}}