{"id":539,"date":"2026-02-17T15:09:24","date_gmt":"2026-02-17T15:09:24","guid":{"rendered":"https:\/\/wildestexpectation.com\/nsqk\/?page_id=539"},"modified":"2026-02-19T01:27:28","modified_gmt":"2026-02-19T01:27:28","slug":"alicia","status":"publish","type":"page","link":"https:\/\/wildestexpectation.com\/nsqk\/alicia\/","title":{"rendered":"Alicia"},"content":{"rendered":"\t\t<div data-elementor-type=\"wp-page\" data-elementor-id=\"539\" class=\"elementor elementor-539\" data-elementor-post-type=\"page\">\n\t\t\t\t<div class=\"elementor-element elementor-element-1aff5e8 e-flex e-con-boxed e-con e-parent\" data-id=\"1aff5e8\" data-element_type=\"container\" data-e-type=\"container\" data-settings=\"{&quot;background_background&quot;:&quot;classic&quot;}\">\n\t\t\t\t\t<div class=\"e-con-inner\">\n\t\t\t\t<div class=\"elementor-element elementor-element-62e6a87 elementor-widget elementor-widget-image\" data-id=\"62e6a87\" data-element_type=\"widget\" data-e-type=\"widget\" data-settings=\"{&quot;sticky&quot;:&quot;top&quot;,&quot;sticky_on&quot;:[&quot;desktop&quot;,&quot;tablet&quot;,&quot;mobile&quot;],&quot;sticky_offset&quot;:0,&quot;sticky_effects_offset&quot;:0,&quot;sticky_anchor_link_offset&quot;:0}\" data-widget_type=\"image.default\">\n\t\t\t\t\t\t\t\t\t\t\t\t\t\t\t<img fetchpriority=\"high\" decoding=\"async\" width=\"577\" height=\"1024\" src=\"https:\/\/wildestexpectation.com\/nsqk\/wp-content\/uploads\/2026\/02\/alicia-577x1024.png\" class=\"attachment-large size-large wp-image-550\" alt=\"\" srcset=\"https:\/\/wildestexpectation.com\/nsqk\/wp-content\/uploads\/2026\/02\/alicia-577x1024.png 577w, https:\/\/wildestexpectation.com\/nsqk\/wp-content\/uploads\/2026\/02\/alicia-169x300.png 169w, https:\/\/wildestexpectation.com\/nsqk\/wp-content\/uploads\/2026\/02\/alicia.png 699w\" sizes=\"(max-width: 577px) 100vw, 577px\" \/>\t\t\t\t\t\t\t\t\t\t\t\t\t\t\t<\/div>\n\t\t\t\t<div class=\"elementor-element elementor-element-e41eade elementor-widget elementor-widget-heading\" data-id=\"e41eade\" data-element_type=\"widget\" data-e-type=\"widget\" data-widget_type=\"heading.default\">\n\t\t\t\t\t<h2 class=\"elementor-heading-title elementor-size-default\">ALICE<\/h2>\t\t\t\t<\/div>\n\t\t\t\t<div class=\"elementor-element elementor-element-c721e20 elementor-widget elementor-widget-heading\" data-id=\"c721e20\" data-element_type=\"widget\" data-e-type=\"widget\" data-widget_type=\"heading.default\">\n\t\t\t\t\t<h2 class=\"elementor-heading-title elementor-size-default\">ANTES DE TOCAR FONDO<\/h2>\t\t\t\t<\/div>\n\t\t\t\t<div class=\"elementor-element elementor-element-d99e343 elementor-widget elementor-widget-image\" data-id=\"d99e343\" data-element_type=\"widget\" data-e-type=\"widget\" data-settings=\"{&quot;motion_fx_motion_fx_scrolling&quot;:&quot;yes&quot;,&quot;motion_fx_translateY_effect&quot;:&quot;yes&quot;,&quot;motion_fx_translateY_speed&quot;:{&quot;unit&quot;:&quot;px&quot;,&quot;size&quot;:7,&quot;sizes&quot;:[]},&quot;motion_fx_rotateZ_effect&quot;:&quot;yes&quot;,&quot;motion_fx_rotateZ_speed&quot;:{&quot;unit&quot;:&quot;px&quot;,&quot;size&quot;:3,&quot;sizes&quot;:[]},&quot;motion_fx_translateY_affectedRange&quot;:{&quot;unit&quot;:&quot;%&quot;,&quot;size&quot;:&quot;&quot;,&quot;sizes&quot;:{&quot;start&quot;:0,&quot;end&quot;:100}},&quot;motion_fx_rotateZ_affectedRange&quot;:{&quot;unit&quot;:&quot;%&quot;,&quot;size&quot;:&quot;&quot;,&quot;sizes&quot;:{&quot;start&quot;:0,&quot;end&quot;:100}},&quot;motion_fx_devices&quot;:[&quot;desktop&quot;,&quot;tablet&quot;,&quot;mobile&quot;]}\" data-widget_type=\"image.default\">\n\t\t\t\t\t\t\t\t\t\t\t\t\t\t\t<img decoding=\"async\" width=\"578\" height=\"677\" src=\"https:\/\/wildestexpectation.com\/nsqk\/wp-content\/uploads\/2026\/02\/carta-roja.png\" class=\"attachment-large size-large wp-image-563\" alt=\"\" srcset=\"https:\/\/wildestexpectation.com\/nsqk\/wp-content\/uploads\/2026\/02\/carta-roja.png 578w, https:\/\/wildestexpectation.com\/nsqk\/wp-content\/uploads\/2026\/02\/carta-roja-256x300.png 256w\" sizes=\"(max-width: 578px) 100vw, 578px\" \/>\t\t\t\t\t\t\t\t\t\t\t\t\t\t\t<\/div>\n\t\t\t\t<div class=\"elementor-element elementor-element-ac76b07 elementor-widget elementor-widget-image\" data-id=\"ac76b07\" data-element_type=\"widget\" data-e-type=\"widget\" data-settings=\"{&quot;motion_fx_motion_fx_scrolling&quot;:&quot;yes&quot;,&quot;motion_fx_rotateZ_effect&quot;:&quot;yes&quot;,&quot;motion_fx_rotateZ_direction&quot;:&quot;negative&quot;,&quot;motion_fx_rotateZ_speed&quot;:{&quot;unit&quot;:&quot;px&quot;,&quot;size&quot;:1,&quot;sizes&quot;:[]},&quot;motion_fx_rotateZ_affectedRange&quot;:{&quot;unit&quot;:&quot;%&quot;,&quot;size&quot;:&quot;&quot;,&quot;sizes&quot;:{&quot;start&quot;:0,&quot;end&quot;:100}},&quot;motion_fx_devices&quot;:[&quot;desktop&quot;,&quot;tablet&quot;,&quot;mobile&quot;]}\" data-widget_type=\"image.default\">\n\t\t\t\t\t\t\t\t\t\t\t\t\t\t\t<img decoding=\"async\" width=\"381\" height=\"419\" src=\"https:\/\/wildestexpectation.com\/nsqk\/wp-content\/uploads\/2026\/02\/carta-negra.png\" class=\"attachment-large size-large wp-image-564\" alt=\"\" srcset=\"https:\/\/wildestexpectation.com\/nsqk\/wp-content\/uploads\/2026\/02\/carta-negra.png 381w, https:\/\/wildestexpectation.com\/nsqk\/wp-content\/uploads\/2026\/02\/carta-negra-273x300.png 273w\" sizes=\"(max-width: 381px) 100vw, 381px\" \/>\t\t\t\t\t\t\t\t\t\t\t\t\t\t\t<\/div>\n\t\t<div class=\"elementor-element elementor-element-38a9b0e e-con-full e-flex e-con e-child\" data-id=\"38a9b0e\" data-element_type=\"container\" data-e-type=\"container\" data-settings=\"{&quot;background_background&quot;:&quot;classic&quot;}\">\n\t\t\t\t<div class=\"elementor-element elementor-element-4190008 elementor-widget elementor-widget-heading\" data-id=\"4190008\" data-element_type=\"widget\" data-e-type=\"widget\" data-widget_type=\"heading.default\">\n\t\t\t\t\t<h2 class=\"elementor-heading-title elementor-size-default\">CA\u00cdA SIN TOCAR EL SUELO, COMO SI EL TIEMPO HUBIERA OLVIDADO AVANZAR. ALICIA PENS\u00d3 QUE TAL VEZ EL MUNDO, VISTO DESDE ABAJO, TEN\u00cdA M\u00c1S PREGUNTAS QUE RESPUESTAS.<\/h2>\t\t\t\t<\/div>\n\t\t\t\t<\/div>\n\t\t\t\t<div class=\"elementor-element elementor-element-ac69e1d elementor-widget elementor-widget-image\" data-id=\"ac69e1d\" data-element_type=\"widget\" data-e-type=\"widget\" data-settings=\"{&quot;motion_fx_motion_fx_scrolling&quot;:&quot;yes&quot;,&quot;motion_fx_translateY_effect&quot;:&quot;yes&quot;,&quot;motion_fx_translateY_speed&quot;:{&quot;unit&quot;:&quot;px&quot;,&quot;size&quot;:20,&quot;sizes&quot;:[]},&quot;motion_fx_translateY_affectedRange&quot;:{&quot;unit&quot;:&quot;%&quot;,&quot;size&quot;:&quot;&quot;,&quot;sizes&quot;:{&quot;start&quot;:10,&quot;end&quot;:87}},&quot;motion_fx_devices&quot;:[&quot;desktop&quot;,&quot;tablet&quot;,&quot;mobile&quot;]}\" data-widget_type=\"image.default\">\n\t\t\t\t\t\t\t\t\t\t\t\t\t\t\t<img loading=\"lazy\" decoding=\"async\" width=\"880\" height=\"427\" src=\"https:\/\/wildestexpectation.com\/nsqk\/wp-content\/uploads\/2026\/02\/nube-1-1.png\" class=\"attachment-large size-large wp-image-607\" alt=\"\" srcset=\"https:\/\/wildestexpectation.com\/nsqk\/wp-content\/uploads\/2026\/02\/nube-1-1.png 880w, https:\/\/wildestexpectation.com\/nsqk\/wp-content\/uploads\/2026\/02\/nube-1-1-300x146.png 300w, https:\/\/wildestexpectation.com\/nsqk\/wp-content\/uploads\/2026\/02\/nube-1-1-768x373.png 768w\" sizes=\"(max-width: 880px) 100vw, 880px\" \/>\t\t\t\t\t\t\t\t\t\t\t\t\t\t\t<\/div>\n\t\t\t\t<div class=\"elementor-element elementor-element-4ed2f4f elementor-widget elementor-widget-image\" data-id=\"4ed2f4f\" data-element_type=\"widget\" data-e-type=\"widget\" data-settings=\"{&quot;motion_fx_motion_fx_scrolling&quot;:&quot;yes&quot;,&quot;motion_fx_rotateZ_effect&quot;:&quot;yes&quot;,&quot;motion_fx_rotateZ_direction&quot;:&quot;negative&quot;,&quot;motion_fx_rotateZ_speed&quot;:{&quot;unit&quot;:&quot;px&quot;,&quot;size&quot;:10,&quot;sizes&quot;:[]},&quot;motion_fx_rotateZ_affectedRange&quot;:{&quot;unit&quot;:&quot;%&quot;,&quot;size&quot;:&quot;&quot;,&quot;sizes&quot;:{&quot;start&quot;:0,&quot;end&quot;:100}},&quot;motion_fx_devices&quot;:[&quot;desktop&quot;,&quot;tablet&quot;,&quot;mobile&quot;]}\" data-widget_type=\"image.default\">\n\t\t\t\t\t\t\t\t\t\t\t\t\t\t\t<img loading=\"lazy\" decoding=\"async\" width=\"482\" height=\"638\" src=\"https:\/\/wildestexpectation.com\/nsqk\/wp-content\/uploads\/2026\/02\/llave.png\" class=\"attachment-large size-large wp-image-621\" alt=\"\" srcset=\"https:\/\/wildestexpectation.com\/nsqk\/wp-content\/uploads\/2026\/02\/llave.png 482w, https:\/\/wildestexpectation.com\/nsqk\/wp-content\/uploads\/2026\/02\/llave-227x300.png 227w\" sizes=\"(max-width: 482px) 100vw, 482px\" \/>\t\t\t\t\t\t\t\t\t\t\t\t\t\t\t<\/div>\n\t\t\t\t<div class=\"elementor-element elementor-element-3521264 elementor-widget elementor-widget-image\" data-id=\"3521264\" data-element_type=\"widget\" data-e-type=\"widget\" data-settings=\"{&quot;motion_fx_motion_fx_scrolling&quot;:&quot;yes&quot;,&quot;motion_fx_rotateZ_effect&quot;:&quot;yes&quot;,&quot;motion_fx_rotateZ_speed&quot;:{&quot;unit&quot;:&quot;px&quot;,&quot;size&quot;:10,&quot;sizes&quot;:[]},&quot;motion_fx_rotateZ_affectedRange&quot;:{&quot;unit&quot;:&quot;%&quot;,&quot;size&quot;:&quot;&quot;,&quot;sizes&quot;:{&quot;start&quot;:0,&quot;end&quot;:100}},&quot;motion_fx_devices&quot;:[&quot;desktop&quot;,&quot;tablet&quot;,&quot;mobile&quot;]}\" data-widget_type=\"image.default\">\n\t\t\t\t\t\t\t\t\t\t\t\t\t\t\t<img loading=\"lazy\" decoding=\"async\" width=\"387\" height=\"640\" src=\"https:\/\/wildestexpectation.com\/nsqk\/wp-content\/uploads\/2026\/02\/conejo.png\" class=\"attachment-large size-large wp-image-622\" alt=\"\" srcset=\"https:\/\/wildestexpectation.com\/nsqk\/wp-content\/uploads\/2026\/02\/conejo.png 387w, https:\/\/wildestexpectation.com\/nsqk\/wp-content\/uploads\/2026\/02\/conejo-181x300.png 181w\" sizes=\"(max-width: 387px) 100vw, 387px\" \/>\t\t\t\t\t\t\t\t\t\t\t\t\t\t\t<\/div>\n\t\t<div class=\"elementor-element elementor-element-4f73723 e-con-full e-flex e-con e-child\" data-id=\"4f73723\" data-element_type=\"container\" data-e-type=\"container\" data-settings=\"{&quot;background_background&quot;:&quot;classic&quot;}\">\n\t\t\t\t<div class=\"elementor-element elementor-element-0b41343 elementor-widget elementor-widget-heading\" data-id=\"0b41343\" data-element_type=\"widget\" data-e-type=\"widget\" data-widget_type=\"heading.default\">\n\t\t\t\t\t<h2 class=\"elementor-heading-title elementor-size-default\">MIENTRAS DESCEND\u00cdA, EL AIRE SE VOLV\u00cdA M\u00c1S LIGERO Y LAS IDEAS M\u00c1S PESADAS, \u00bfCU\u00c1NTO DURA UNA CA\u00cdDA CUANDO NO HAY PRISA POR LLEGAR?<\/h2>\t\t\t\t<\/div>\n\t\t\t\t<\/div>\n\t\t\t\t<div class=\"elementor-element elementor-element-c15e212 elementor-widget elementor-widget-image\" data-id=\"c15e212\" data-element_type=\"widget\" data-e-type=\"widget\" data-settings=\"{&quot;motion_fx_motion_fx_scrolling&quot;:&quot;yes&quot;,&quot;motion_fx_rotateZ_effect&quot;:&quot;yes&quot;,&quot;motion_fx_rotateZ_direction&quot;:&quot;negative&quot;,&quot;motion_fx_rotateZ_speed&quot;:{&quot;unit&quot;:&quot;px&quot;,&quot;size&quot;:3.70000000000000017763568394002504646778106689453125,&quot;sizes&quot;:[]},&quot;motion_fx_rotateZ_affectedRange&quot;:{&quot;unit&quot;:&quot;%&quot;,&quot;size&quot;:&quot;&quot;,&quot;sizes&quot;:{&quot;start&quot;:0,&quot;end&quot;:100}},&quot;motion_fx_devices&quot;:[&quot;desktop&quot;,&quot;tablet&quot;,&quot;mobile&quot;]}\" data-widget_type=\"image.default\">\n\t\t\t\t\t\t\t\t\t\t\t\t\t\t\t<img loading=\"lazy\" decoding=\"async\" width=\"1024\" height=\"1024\" src=\"https:\/\/wildestexpectation.com\/nsqk\/wp-content\/uploads\/2026\/02\/silla-final-1024x1024.png\" class=\"attachment-large size-large wp-image-652\" alt=\"\" srcset=\"https:\/\/wildestexpectation.com\/nsqk\/wp-content\/uploads\/2026\/02\/silla-final-1024x1024.png 1024w, https:\/\/wildestexpectation.com\/nsqk\/wp-content\/uploads\/2026\/02\/silla-final-300x300.png 300w, https:\/\/wildestexpectation.com\/nsqk\/wp-content\/uploads\/2026\/02\/silla-final-150x150.png 150w, https:\/\/wildestexpectation.com\/nsqk\/wp-content\/uploads\/2026\/02\/silla-final-768x768.png 768w, https:\/\/wildestexpectation.com\/nsqk\/wp-content\/uploads\/2026\/02\/silla-final.png 1080w\" sizes=\"(max-width: 1024px) 100vw, 1024px\" \/>\t\t\t\t\t\t\t\t\t\t\t\t\t\t\t<\/div>\n\t\t\t\t<div class=\"elementor-element elementor-element-1e9ae39 elementor-widget elementor-widget-image\" data-id=\"1e9ae39\" data-element_type=\"widget\" data-e-type=\"widget\" data-settings=\"{&quot;motion_fx_motion_fx_scrolling&quot;:&quot;yes&quot;,&quot;motion_fx_rotateZ_effect&quot;:&quot;yes&quot;,&quot;motion_fx_rotateZ_direction&quot;:&quot;negative&quot;,&quot;motion_fx_rotateZ_speed&quot;:{&quot;unit&quot;:&quot;px&quot;,&quot;size&quot;:3.70000000000000017763568394002504646778106689453125,&quot;sizes&quot;:[]},&quot;motion_fx_rotateZ_affectedRange&quot;:{&quot;unit&quot;:&quot;%&quot;,&quot;size&quot;:&quot;&quot;,&quot;sizes&quot;:{&quot;start&quot;:0,&quot;end&quot;:100}},&quot;motion_fx_devices&quot;:[&quot;desktop&quot;,&quot;tablet&quot;,&quot;mobile&quot;]}\" data-widget_type=\"image.default\">\n\t\t\t\t\t\t\t\t\t\t\t\t\t\t\t<img loading=\"lazy\" decoding=\"async\" width=\"1024\" height=\"1024\" src=\"https:\/\/wildestexpectation.com\/nsqk\/wp-content\/uploads\/2026\/02\/taza-final-1024x1024.png\" class=\"attachment-large size-large wp-image-651\" alt=\"\" srcset=\"https:\/\/wildestexpectation.com\/nsqk\/wp-content\/uploads\/2026\/02\/taza-final-1024x1024.png 1024w, https:\/\/wildestexpectation.com\/nsqk\/wp-content\/uploads\/2026\/02\/taza-final-300x300.png 300w, https:\/\/wildestexpectation.com\/nsqk\/wp-content\/uploads\/2026\/02\/taza-final-150x150.png 150w, https:\/\/wildestexpectation.com\/nsqk\/wp-content\/uploads\/2026\/02\/taza-final-768x768.png 768w, https:\/\/wildestexpectation.com\/nsqk\/wp-content\/uploads\/2026\/02\/taza-final.png 1080w\" sizes=\"(max-width: 1024px) 100vw, 1024px\" \/>\t\t\t\t\t\t\t\t\t\t\t\t\t\t\t<\/div>\n\t\t\t\t<div class=\"elementor-element elementor-element-aaa4a1a elementor-widget elementor-widget-image\" data-id=\"aaa4a1a\" data-element_type=\"widget\" data-e-type=\"widget\" data-settings=\"{&quot;motion_fx_motion_fx_scrolling&quot;:&quot;yes&quot;,&quot;motion_fx_translateY_effect&quot;:&quot;yes&quot;,&quot;motion_fx_translateY_speed&quot;:{&quot;unit&quot;:&quot;px&quot;,&quot;size&quot;:7,&quot;sizes&quot;:[]},&quot;motion_fx_rotateZ_effect&quot;:&quot;yes&quot;,&quot;motion_fx_rotateZ_speed&quot;:{&quot;unit&quot;:&quot;px&quot;,&quot;size&quot;:3,&quot;sizes&quot;:[]},&quot;motion_fx_translateY_affectedRange&quot;:{&quot;unit&quot;:&quot;%&quot;,&quot;size&quot;:&quot;&quot;,&quot;sizes&quot;:{&quot;start&quot;:0,&quot;end&quot;:100}},&quot;motion_fx_rotateZ_affectedRange&quot;:{&quot;unit&quot;:&quot;%&quot;,&quot;size&quot;:&quot;&quot;,&quot;sizes&quot;:{&quot;start&quot;:0,&quot;end&quot;:100}},&quot;motion_fx_devices&quot;:[&quot;desktop&quot;,&quot;tablet&quot;,&quot;mobile&quot;]}\" data-widget_type=\"image.default\">\n\t\t\t\t\t\t\t\t\t\t\t\t\t\t\t<img decoding=\"async\" width=\"578\" height=\"677\" src=\"https:\/\/wildestexpectation.com\/nsqk\/wp-content\/uploads\/2026\/02\/carta-roja.png\" class=\"attachment-large size-large wp-image-563\" alt=\"\" srcset=\"https:\/\/wildestexpectation.com\/nsqk\/wp-content\/uploads\/2026\/02\/carta-roja.png 578w, https:\/\/wildestexpectation.com\/nsqk\/wp-content\/uploads\/2026\/02\/carta-roja-256x300.png 256w\" sizes=\"(max-width: 578px) 100vw, 578px\" \/>\t\t\t\t\t\t\t\t\t\t\t\t\t\t\t<\/div>\n\t\t\t\t<div class=\"elementor-element elementor-element-8fbe43f elementor-widget elementor-widget-image\" data-id=\"8fbe43f\" data-element_type=\"widget\" data-e-type=\"widget\" data-settings=\"{&quot;motion_fx_motion_fx_scrolling&quot;:&quot;yes&quot;,&quot;motion_fx_translateY_effect&quot;:&quot;yes&quot;,&quot;motion_fx_translateY_speed&quot;:{&quot;unit&quot;:&quot;px&quot;,&quot;size&quot;:20,&quot;sizes&quot;:[]},&quot;motion_fx_translateY_affectedRange&quot;:{&quot;unit&quot;:&quot;%&quot;,&quot;size&quot;:&quot;&quot;,&quot;sizes&quot;:{&quot;start&quot;:10,&quot;end&quot;:87}},&quot;motion_fx_devices&quot;:[&quot;desktop&quot;,&quot;tablet&quot;,&quot;mobile&quot;]}\" data-widget_type=\"image.default\">\n\t\t\t\t\t\t\t\t\t\t\t\t\t\t\t<img loading=\"lazy\" decoding=\"async\" width=\"880\" height=\"427\" src=\"https:\/\/wildestexpectation.com\/nsqk\/wp-content\/uploads\/2026\/02\/nube-1-1.png\" class=\"attachment-large size-large wp-image-607\" alt=\"\" srcset=\"https:\/\/wildestexpectation.com\/nsqk\/wp-content\/uploads\/2026\/02\/nube-1-1.png 880w, https:\/\/wildestexpectation.com\/nsqk\/wp-content\/uploads\/2026\/02\/nube-1-1-300x146.png 300w, https:\/\/wildestexpectation.com\/nsqk\/wp-content\/uploads\/2026\/02\/nube-1-1-768x373.png 768w\" sizes=\"(max-width: 880px) 100vw, 880px\" \/>\t\t\t\t\t\t\t\t\t\t\t\t\t\t\t<\/div>\n\t\t<div class=\"elementor-element elementor-element-3c19096 e-con-full e-flex e-con e-child\" data-id=\"3c19096\" data-element_type=\"container\" data-e-type=\"container\" data-settings=\"{&quot;background_background&quot;:&quot;classic&quot;}\">\n\t\t\t\t<div class=\"elementor-element elementor-element-743d5ab elementor-widget elementor-widget-heading\" data-id=\"743d5ab\" data-element_type=\"widget\" data-e-type=\"widget\" data-widget_type=\"heading.default\">\n\t\t\t\t\t<h2 class=\"elementor-heading-title elementor-size-default\">EL SUELO NUNCA APAREC\u00cdA, PERO EL MIEDO TAMPOCO. QUIZ\u00c1 CAER NO ERA PERDERSE, SINO APRENDER A MIRAR DESDE OTRA DIRECCI\u00d3N.<\/h2>\t\t\t\t<\/div>\n\t\t\t\t<\/div>\n\t\t\t\t\t<\/div>\n\t\t\t\t<\/div>\n\t\t\t\t<\/div>\n\t\t","protected":false},"excerpt":{"rendered":"<p>ALICE ANTES DE TOCAR FONDO CA\u00cdA SIN TOCAR EL SUELO, COMO SI EL TIEMPO HUBIERA OLVIDADO AVANZAR. ALICIA PENS\u00d3 QUE TAL VEZ EL MUNDO, VISTO DESDE ABAJO, TEN\u00cdA M\u00c1S PREGUNTAS QUE RESPUESTAS. MIENTRAS DESCEND\u00cdA, EL AIRE SE VOLV\u00cdA M\u00c1S LIGERO Y LAS IDEAS M\u00c1S PESADAS, \u00bfCU\u00c1NTO DURA UNA CA\u00cdDA CUANDO NO HAY PRISA POR LLEGAR? [&hellip;]<\/p>\n","protected":false},"author":1,"featured_media":0,"parent":0,"menu_order":0,"comment_status":"closed","ping_status":"closed","template":"elementor_canvas","meta":{"footnotes":""},"class_list":["post-539","page","type-page","status-publish","hentry"],"_links":{"self":[{"href":"https:\/\/wildestexpectation.com\/nsqk\/wp-json\/wp\/v2\/pages\/539","targetHints":{"allow":["GET"]}}],"collection":[{"href":"https:\/\/wildestexpectation.com\/nsqk\/wp-json\/wp\/v2\/pages"}],"about":[{"href":"https:\/\/wildestexpectation.com\/nsqk\/wp-json\/wp\/v2\/types\/page"}],"author":[{"embeddable":true,"href":"https:\/\/wildestexpectation.com\/nsqk\/wp-json\/wp\/v2\/users\/1"}],"replies":[{"embeddable":true,"href":"https:\/\/wildestexpectation.com\/nsqk\/wp-json\/wp\/v2\/comments?post=539"}],"version-history":[{"count":109,"href":"https:\/\/wildestexpectation.com\/nsqk\/wp-json\/wp\/v2\/pages\/539\/revisions"}],"predecessor-version":[{"id":669,"href":"https:\/\/wildestexpectation.com\/nsqk\/wp-json\/wp\/v2\/pages\/539\/revisions\/669"}],"wp:attachment":[{"href":"https:\/\/wildestexpectation.com\/nsqk\/wp-json\/wp\/v2\/media?parent=539"}],"curies":[{"name":"wp","href":"https:\/\/api.w.org\/{rel}","templated":true}]}}