{"id":381,"date":"2026-02-10T16:12:00","date_gmt":"2026-02-10T16:12:00","guid":{"rendered":"https:\/\/wildestexpectation.com\/nsqk\/?page_id=381"},"modified":"2026-02-12T16:13:04","modified_gmt":"2026-02-12T16:13:04","slug":"summer-time","status":"publish","type":"page","link":"https:\/\/wildestexpectation.com\/nsqk\/summer-time\/","title":{"rendered":"Summer Time"},"content":{"rendered":"\t\t<div data-elementor-type=\"wp-page\" data-elementor-id=\"381\" class=\"elementor elementor-381\" data-elementor-post-type=\"page\">\n\t\t\t\t<div class=\"elementor-element elementor-element-519e067 e-con-full e-flex e-con e-parent\" data-id=\"519e067\" data-element_type=\"container\" data-e-type=\"container\" data-settings=\"{&quot;background_background&quot;:&quot;classic&quot;,&quot;sticky&quot;:&quot;top&quot;,&quot;sticky_on&quot;:[&quot;desktop&quot;,&quot;tablet&quot;,&quot;mobile&quot;],&quot;sticky_offset&quot;:0,&quot;sticky_effects_offset&quot;:0,&quot;sticky_anchor_link_offset&quot;:0}\">\n\t\t\t\t<div class=\"elementor-element elementor-element-3a298e4 elementor-widget elementor-widget-heading\" data-id=\"3a298e4\" data-element_type=\"widget\" data-e-type=\"widget\" data-widget_type=\"heading.default\">\n\t\t\t\t\t<h2 class=\"elementor-heading-title elementor-size-default\">Logotipo<\/h2>\t\t\t\t<\/div>\n\t\t<div class=\"elementor-element elementor-element-693df7b e-con-full e-flex e-con e-child\" data-id=\"693df7b\" data-element_type=\"container\" data-e-type=\"container\">\n\t\t\t\t<div class=\"elementor-element elementor-element-4626c34 elementor-align-right elementor-widget elementor-widget-button\" data-id=\"4626c34\" data-element_type=\"widget\" data-e-type=\"widget\" data-widget_type=\"button.default\">\n\t\t\t\t\t\t\t\t\t\t<a class=\"elementor-button elementor-button-link elementor-size-sm\" href=\"#elementor-action%3Aaction%3Dpopup%3Aopen%26settings%3DeyJpZCI6IjUyMiIsInRvZ2dsZSI6ZmFsc2V9\">\n\t\t\t\t\t\t<span class=\"elementor-button-content-wrapper\">\n\t\t\t\t\t\t\t\t\t<span class=\"elementor-button-text\">Promociones<\/span>\n\t\t\t\t\t<\/span>\n\t\t\t\t\t<\/a>\n\t\t\t\t\t\t\t\t<\/div>\n\t\t\t\t<div class=\"elementor-element elementor-element-7441dd0 elementor-align-right elementor-widget elementor-widget-button\" data-id=\"7441dd0\" data-element_type=\"widget\" data-e-type=\"widget\" data-widget_type=\"button.default\">\n\t\t\t\t\t\t\t\t\t\t<a class=\"elementor-button elementor-button-link elementor-size-sm\" href=\"#\">\n\t\t\t\t\t\t<span class=\"elementor-button-content-wrapper\">\n\t\t\t\t\t\t\t\t\t<span class=\"elementor-button-text\">Explora Ahora<\/span>\n\t\t\t\t\t<\/span>\n\t\t\t\t\t<\/a>\n\t\t\t\t\t\t\t\t<\/div>\n\t\t\t\t<\/div>\n\t\t\t\t<\/div>\n\t\t<div class=\"elementor-element elementor-element-738fcc9 e-flex e-con-boxed e-con e-parent\" data-id=\"738fcc9\" data-element_type=\"container\" data-e-type=\"container\" data-settings=\"{&quot;background_background&quot;:&quot;gradient&quot;}\">\n\t\t\t\t\t<div class=\"e-con-inner\">\n\t\t\t\t<div class=\"elementor-element elementor-element-d7a8a1c elementor-widget elementor-widget-heading\" data-id=\"d7a8a1c\" data-element_type=\"widget\" data-e-type=\"widget\" data-widget_type=\"heading.default\">\n\t\t\t\t\t<h2 class=\"elementor-heading-title elementor-size-default\">Summer Vibe<\/h2>\t\t\t\t<\/div>\n\t\t<div class=\"elementor-element elementor-element-d1cbe81 e-con-full e-flex e-con e-child\" data-id=\"d1cbe81\" data-element_type=\"container\" data-e-type=\"container\">\n\t\t\t\t<div class=\"elementor-element elementor-element-a099eb1 elementor-absolute elementor-widget elementor-widget-image\" data-id=\"a099eb1\" data-element_type=\"widget\" data-e-type=\"widget\" data-settings=\"{&quot;_position&quot;:&quot;absolute&quot;}\" data-widget_type=\"image.default\">\n\t\t\t\t\t\t\t\t\t\t\t\t\t\t\t<img decoding=\"async\" width=\"110\" height=\"110\" src=\"https:\/\/wildestexpectation.com\/nsqk\/wp-content\/uploads\/2026\/02\/estrella-1.png\" class=\"attachment-large size-large wp-image-477\" alt=\"\" \/>\t\t\t\t\t\t\t\t\t\t\t\t\t\t\t<\/div>\n\t\t\t\t<\/div>\n\t\t<div class=\"elementor-element elementor-element-e4361aa e-con-full e-flex e-con e-child\" data-id=\"e4361aa\" data-element_type=\"container\" data-e-type=\"container\">\n\t\t\t\t<div class=\"elementor-element elementor-element-93cca4c elementor-absolute elementor-widget elementor-widget-image\" data-id=\"93cca4c\" data-element_type=\"widget\" data-e-type=\"widget\" data-settings=\"{&quot;_position&quot;:&quot;absolute&quot;}\" data-widget_type=\"image.default\">\n\t\t\t\t\t\t\t\t\t\t\t\t\t\t\t<img fetchpriority=\"high\" decoding=\"async\" width=\"282\" height=\"178\" src=\"https:\/\/wildestexpectation.com\/nsqk\/wp-content\/uploads\/2026\/02\/nube-1.png\" class=\"attachment-large size-large wp-image-464\" alt=\"\" \/>\t\t\t\t\t\t\t\t\t\t\t\t\t\t\t<\/div>\n\t\t\t\t<\/div>\n\t\t\t\t\t<\/div>\n\t\t\t\t<\/div>\n\t\t<div class=\"elementor-element elementor-element-f4ae831 e-flex e-con-boxed e-con e-parent\" data-id=\"f4ae831\" data-element_type=\"container\" data-e-type=\"container\" data-settings=\"{&quot;background_background&quot;:&quot;classic&quot;}\">\n\t\t\t\t\t<div class=\"e-con-inner\">\n\t\t\t\t<div class=\"elementor-element elementor-element-cd6a333 elementor-widget elementor-widget-image\" data-id=\"cd6a333\" data-element_type=\"widget\" data-e-type=\"widget\" data-widget_type=\"image.default\">\n\t\t\t\t\t\t\t\t\t\t\t\t\t\t\t<img decoding=\"async\" width=\"1024\" height=\"854\" src=\"https:\/\/wildestexpectation.com\/nsqk\/wp-content\/uploads\/2026\/02\/Sol-1-1024x854.png\" class=\"attachment-large size-large wp-image-404\" alt=\"\" srcset=\"https:\/\/wildestexpectation.com\/nsqk\/wp-content\/uploads\/2026\/02\/Sol-1-1024x854.png 1024w, https:\/\/wildestexpectation.com\/nsqk\/wp-content\/uploads\/2026\/02\/Sol-1-300x250.png 300w, https:\/\/wildestexpectation.com\/nsqk\/wp-content\/uploads\/2026\/02\/Sol-1-768x641.png 768w, https:\/\/wildestexpectation.com\/nsqk\/wp-content\/uploads\/2026\/02\/Sol-1.png 1205w\" sizes=\"(max-width: 1024px) 100vw, 1024px\" \/>\t\t\t\t\t\t\t\t\t\t\t\t\t\t\t<\/div>\n\t\t\t\t<div class=\"elementor-element elementor-element-d8c7119 elementor-absolute elementor-widget elementor-widget-image\" data-id=\"d8c7119\" data-element_type=\"widget\" data-e-type=\"widget\" data-settings=\"{&quot;_position&quot;:&quot;absolute&quot;}\" data-widget_type=\"image.default\">\n\t\t\t\t\t\t\t\t\t\t\t\t\t\t\t<img loading=\"lazy\" decoding=\"async\" width=\"227\" height=\"227\" src=\"https:\/\/wildestexpectation.com\/nsqk\/wp-content\/uploads\/2026\/02\/Flor-1.png\" class=\"attachment-large size-large wp-image-408\" alt=\"\" srcset=\"https:\/\/wildestexpectation.com\/nsqk\/wp-content\/uploads\/2026\/02\/Flor-1.png 227w, https:\/\/wildestexpectation.com\/nsqk\/wp-content\/uploads\/2026\/02\/Flor-1-150x150.png 150w\" sizes=\"(max-width: 227px) 100vw, 227px\" \/>\t\t\t\t\t\t\t\t\t\t\t\t\t\t\t<\/div>\n\t\t\t\t\t<\/div>\n\t\t\t\t<\/div>\n\t\t<div class=\"elementor-element elementor-element-bda55f1 e-flex e-con-boxed e-con e-parent\" data-id=\"bda55f1\" data-element_type=\"container\" data-e-type=\"container\" data-settings=\"{&quot;background_background&quot;:&quot;gradient&quot;}\">\n\t\t\t\t\t<div class=\"e-con-inner\">\n\t\t<div class=\"elementor-element elementor-element-593e1b1 e-con-full e-flex e-con e-child\" data-id=\"593e1b1\" data-element_type=\"container\" data-e-type=\"container\" data-settings=\"{&quot;background_background&quot;:&quot;classic&quot;}\">\n\t\t\t\t<div class=\"elementor-element elementor-element-8657d1b elementor-widget elementor-widget-heading\" data-id=\"8657d1b\" data-element_type=\"widget\" data-e-type=\"widget\" data-widget_type=\"heading.default\">\n\t\t\t\t\t<h2 class=\"elementor-heading-title elementor-size-default\">Summer Vibe<\/h2>\t\t\t\t<\/div>\n\t\t\t\t<div class=\"elementor-element elementor-element-6b4c175 elementor-widget elementor-widget-heading\" data-id=\"6b4c175\" data-element_type=\"widget\" data-e-type=\"widget\" data-widget_type=\"heading.default\">\n\t\t\t\t\t<h2 class=\"elementor-heading-title elementor-size-default\">Descubre lo mejor del verano con nuestros productos frescos y llenos de alegr\u00eda.<\/h2>\t\t\t\t<\/div>\n\t\t<div class=\"elementor-element elementor-element-fc774a8 e-flex e-con-boxed e-con e-child\" data-id=\"fc774a8\" data-element_type=\"container\" data-e-type=\"container\">\n\t\t\t\t\t<div class=\"e-con-inner\">\n\t\t\t\t<div class=\"elementor-element elementor-element-c025627 elementor-align-right elementor-mobile-align-center elementor-widget elementor-widget-button\" data-id=\"c025627\" data-element_type=\"widget\" data-e-type=\"widget\" data-widget_type=\"button.default\">\n\t\t\t\t\t\t\t\t\t\t<a class=\"elementor-button elementor-button-link elementor-size-sm\" href=\"#\">\n\t\t\t\t\t\t<span class=\"elementor-button-content-wrapper\">\n\t\t\t\t\t\t\t\t\t<span class=\"elementor-button-text\">Promociones<\/span>\n\t\t\t\t\t<\/span>\n\t\t\t\t\t<\/a>\n\t\t\t\t\t\t\t\t<\/div>\n\t\t\t\t<div class=\"elementor-element elementor-element-c54b74e elementor-align-center elementor-mobile-align-right elementor-widget__width-initial elementor-widget elementor-widget-button\" data-id=\"c54b74e\" data-element_type=\"widget\" data-e-type=\"widget\" data-widget_type=\"button.default\">\n\t\t\t\t\t\t\t\t\t\t<a class=\"elementor-button elementor-button-link elementor-size-sm\" href=\"#\">\n\t\t\t\t\t\t<span class=\"elementor-button-content-wrapper\">\n\t\t\t\t\t\t\t\t\t<span class=\"elementor-button-text\">Explora Ahora<\/span>\n\t\t\t\t\t<\/span>\n\t\t\t\t\t<\/a>\n\t\t\t\t\t\t\t\t<\/div>\n\t\t\t\t\t<\/div>\n\t\t\t\t<\/div>\n\t\t\t\t<\/div>\n\t\t<div class=\"elementor-element elementor-element-005c0c7 e-con-full e-flex e-con e-child\" data-id=\"005c0c7\" data-element_type=\"container\" data-e-type=\"container\">\n\t\t\t\t<div class=\"elementor-element elementor-element-8c16345 elementor-absolute elementor-widget elementor-widget-image\" data-id=\"8c16345\" data-element_type=\"widget\" data-e-type=\"widget\" data-settings=\"{&quot;_position&quot;:&quot;absolute&quot;}\" data-widget_type=\"image.default\">\n\t\t\t\t\t\t\t\t\t\t\t\t\t\t\t<img decoding=\"async\" width=\"110\" height=\"110\" src=\"https:\/\/wildestexpectation.com\/nsqk\/wp-content\/uploads\/2026\/02\/estrella-1.png\" class=\"attachment-large size-large wp-image-477\" alt=\"\" \/>\t\t\t\t\t\t\t\t\t\t\t\t\t\t\t<\/div>\n\t\t\t\t<div class=\"elementor-element elementor-element-5f713f0 elementor-absolute elementor-widget elementor-widget-image\" data-id=\"5f713f0\" data-element_type=\"widget\" data-e-type=\"widget\" data-settings=\"{&quot;_position&quot;:&quot;absolute&quot;}\" data-widget_type=\"image.default\">\n\t\t\t\t\t\t\t\t\t\t\t\t\t\t\t<img decoding=\"async\" width=\"110\" height=\"110\" src=\"https:\/\/wildestexpectation.com\/nsqk\/wp-content\/uploads\/2026\/02\/estrella-1.png\" class=\"attachment-large size-large wp-image-477\" alt=\"\" \/>\t\t\t\t\t\t\t\t\t\t\t\t\t\t\t<\/div>\n\t\t\t\t<div class=\"elementor-element elementor-element-b6fabbc elementor-absolute elementor-widget elementor-widget-image\" data-id=\"b6fabbc\" data-element_type=\"widget\" data-e-type=\"widget\" data-settings=\"{&quot;_position&quot;:&quot;absolute&quot;}\" data-widget_type=\"image.default\">\n\t\t\t\t\t\t\t\t\t\t\t\t\t\t\t<img decoding=\"async\" width=\"110\" height=\"110\" src=\"https:\/\/wildestexpectation.com\/nsqk\/wp-content\/uploads\/2026\/02\/estrella-1.png\" class=\"attachment-large size-large wp-image-477\" alt=\"\" \/>\t\t\t\t\t\t\t\t\t\t\t\t\t\t\t<\/div>\n\t\t\t\t<\/div>\n\t\t\t\t<div class=\"elementor-element elementor-element-7d2282b elementor-widget elementor-widget-text-editor\" data-id=\"7d2282b\" data-element_type=\"widget\" data-e-type=\"widget\" data-widget_type=\"text-editor.default\">\n\t\t\t\t\t\t\t\t\t<p>Desde refrescantes helados hasta vibrantes accesorios de playa, aqu\u00ed encontrar\u00e1s todo lo que necesitas para disfrutar el sol<\/p>\t\t\t\t\t\t\t\t<\/div>\n\t\t<div class=\"elementor-element elementor-element-c147af9 e-con-full e-flex e-con e-child\" data-id=\"c147af9\" data-element_type=\"container\" data-e-type=\"container\">\n\t\t\t\t<div class=\"elementor-element elementor-element-4f91f91 elementor-widget elementor-widget-button\" data-id=\"4f91f91\" data-element_type=\"widget\" data-e-type=\"widget\" data-widget_type=\"button.default\">\n\t\t\t\t\t\t\t\t\t\t<a class=\"elementor-button elementor-button-link elementor-size-sm\" href=\"#\">\n\t\t\t\t\t\t<span class=\"elementor-button-content-wrapper\">\n\t\t\t\t\t\t\t\t\t<span class=\"elementor-button-text\">Visitar Tienda<\/span>\n\t\t\t\t\t<\/span>\n\t\t\t\t\t<\/a>\n\t\t\t\t\t\t\t\t<\/div>\n\t\t\t\t<\/div>\n\t\t\t\t\t<\/div>\n\t\t\t\t<\/div>\n\t\t<div class=\"elementor-element elementor-element-264f0cc e-flex e-con-boxed e-con e-parent\" data-id=\"264f0cc\" data-element_type=\"container\" data-e-type=\"container\" data-settings=\"{&quot;background_background&quot;:&quot;classic&quot;}\">\n\t\t\t\t\t<div class=\"e-con-inner\">\n\t\t\t\t<div class=\"elementor-element elementor-element-98e28d9 elementor-widget elementor-widget-image\" data-id=\"98e28d9\" data-element_type=\"widget\" data-e-type=\"widget\" data-widget_type=\"image.default\">\n\t\t\t\t\t\t\t\t\t\t\t\t\t\t\t<img loading=\"lazy\" decoding=\"async\" width=\"989\" height=\"1024\" src=\"https:\/\/wildestexpectation.com\/nsqk\/wp-content\/uploads\/2026\/02\/Sandia-1-989x1024.png\" class=\"attachment-large size-large wp-image-450\" alt=\"\" srcset=\"https:\/\/wildestexpectation.com\/nsqk\/wp-content\/uploads\/2026\/02\/Sandia-1-989x1024.png 989w, https:\/\/wildestexpectation.com\/nsqk\/wp-content\/uploads\/2026\/02\/Sandia-1-290x300.png 290w, https:\/\/wildestexpectation.com\/nsqk\/wp-content\/uploads\/2026\/02\/Sandia-1-768x796.png 768w, https:\/\/wildestexpectation.com\/nsqk\/wp-content\/uploads\/2026\/02\/Sandia-1.png 1005w\" sizes=\"(max-width: 989px) 100vw, 989px\" \/>\t\t\t\t\t\t\t\t\t\t\t\t\t\t\t<\/div>\n\t\t<div class=\"elementor-element elementor-element-e8e4357 e-con-full e-flex e-con e-child\" data-id=\"e8e4357\" data-element_type=\"container\" data-e-type=\"container\">\n\t\t<div class=\"elementor-element elementor-element-9f97e28 e-con-full e-flex e-con e-child\" data-id=\"9f97e28\" data-element_type=\"container\" data-e-type=\"container\" data-settings=\"{&quot;background_background&quot;:&quot;classic&quot;}\">\n\t\t\t\t<div class=\"elementor-element elementor-element-8bdd251 elementor-widget elementor-widget-heading\" data-id=\"8bdd251\" data-element_type=\"widget\" data-e-type=\"widget\" data-widget_type=\"heading.default\">\n\t\t\t\t\t<h2 class=\"elementor-heading-title elementor-size-default\">Summer Vibe<\/h2>\t\t\t\t<\/div>\n\t\t\t\t<div class=\"elementor-element elementor-element-ffcabfa elementor-widget elementor-widget-heading\" data-id=\"ffcabfa\" data-element_type=\"widget\" data-e-type=\"widget\" data-widget_type=\"heading.default\">\n\t\t\t\t\t<h2 class=\"elementor-heading-title elementor-size-default\">Descubre lo mejor del verano con nuestros productos frescos y llenos de alegr\u00eda.<\/h2>\t\t\t\t<\/div>\n\t\t<div class=\"elementor-element elementor-element-55a81a3 e-flex e-con-boxed e-con e-child\" data-id=\"55a81a3\" data-element_type=\"container\" data-e-type=\"container\">\n\t\t\t\t\t<div class=\"e-con-inner\">\n\t\t\t\t<div class=\"elementor-element elementor-element-5262cff elementor-align-right elementor-mobile-align-left elementor-widget elementor-widget-button\" data-id=\"5262cff\" data-element_type=\"widget\" data-e-type=\"widget\" data-widget_type=\"button.default\">\n\t\t\t\t\t\t\t\t\t\t<a class=\"elementor-button elementor-button-link elementor-size-sm\" href=\"#\">\n\t\t\t\t\t\t<span class=\"elementor-button-content-wrapper\">\n\t\t\t\t\t\t\t\t\t<span class=\"elementor-button-text\">Promociones<\/span>\n\t\t\t\t\t<\/span>\n\t\t\t\t\t<\/a>\n\t\t\t\t\t\t\t\t<\/div>\n\t\t\t\t<div class=\"elementor-element elementor-element-46f6ba4 elementor-align-right elementor-mobile-align-center elementor-widget elementor-widget-button\" data-id=\"46f6ba4\" data-element_type=\"widget\" data-e-type=\"widget\" data-widget_type=\"button.default\">\n\t\t\t\t\t\t\t\t\t\t<a class=\"elementor-button elementor-button-link elementor-size-sm\" href=\"#\">\n\t\t\t\t\t\t<span class=\"elementor-button-content-wrapper\">\n\t\t\t\t\t\t\t\t\t<span class=\"elementor-button-text\">Explora Ahora<\/span>\n\t\t\t\t\t<\/span>\n\t\t\t\t\t<\/a>\n\t\t\t\t\t\t\t\t<\/div>\n\t\t\t\t\t<\/div>\n\t\t\t\t<\/div>\n\t\t\t\t<\/div>\n\t\t\t\t<\/div>\n\t\t\t\t\t<\/div>\n\t\t\t\t<\/div>\n\t\t\t\t<\/div>\n\t\t","protected":false},"excerpt":{"rendered":"<p>Logotipo Promociones Explora Ahora Summer Vibe Summer Vibe Descubre lo mejor del verano con nuestros productos frescos y llenos de alegr\u00eda. Promociones Explora Ahora Desde refrescantes helados hasta vibrantes accesorios de playa, aqu\u00ed encontrar\u00e1s todo lo que necesitas para disfrutar el sol Visitar Tienda Summer Vibe Descubre lo mejor del verano con nuestros productos frescos [&hellip;]<\/p>\n","protected":false},"author":1,"featured_media":0,"parent":0,"menu_order":0,"comment_status":"closed","ping_status":"closed","template":"elementor_canvas","meta":{"footnotes":""},"class_list":["post-381","page","type-page","status-publish","hentry"],"_links":{"self":[{"href":"https:\/\/wildestexpectation.com\/nsqk\/wp-json\/wp\/v2\/pages\/381","targetHints":{"allow":["GET"]}}],"collection":[{"href":"https:\/\/wildestexpectation.com\/nsqk\/wp-json\/wp\/v2\/pages"}],"about":[{"href":"https:\/\/wildestexpectation.com\/nsqk\/wp-json\/wp\/v2\/types\/page"}],"author":[{"embeddable":true,"href":"https:\/\/wildestexpectation.com\/nsqk\/wp-json\/wp\/v2\/users\/1"}],"replies":[{"embeddable":true,"href":"https:\/\/wildestexpectation.com\/nsqk\/wp-json\/wp\/v2\/comments?post=381"}],"version-history":[{"count":124,"href":"https:\/\/wildestexpectation.com\/nsqk\/wp-json\/wp\/v2\/pages\/381\/revisions"}],"predecessor-version":[{"id":527,"href":"https:\/\/wildestexpectation.com\/nsqk\/wp-json\/wp\/v2\/pages\/381\/revisions\/527"}],"wp:attachment":[{"href":"https:\/\/wildestexpectation.com\/nsqk\/wp-json\/wp\/v2\/media?parent=381"}],"curies":[{"name":"wp","href":"https:\/\/api.w.org\/{rel}","templated":true}]}}